{"id":36449,"date":"2026-03-16T17:19:37","date_gmt":"2026-03-16T16:19:37","guid":{"rendered":"https:\/\/www.risc-software.at\/?page_id=36449"},"modified":"2026-03-16T17:38:58","modified_gmt":"2026-03-16T16:38:58","slug":"ai-zukunftslabor","status":"publish","type":"page","link":"https:\/\/www.risc-software.at\/en\/ai-zukunftslabor\/","title":{"rendered":"AI Zukunftslabor"},"content":{"rendered":"\n<h2 class=\"wp-block-heading\">Leadership im KI-Zeitalter. Exklusiv f\u00fcr Ihr Unternehmen.<\/h2>\n\n\n\n<h3 class=\"wp-block-heading\">Strategien, <em>die \u00fcber 2040 hinaus wirken.<\/em><\/h3>\n\n\n\n<div class=\"wp-block-columns is-layout-flex wp-container-core-columns-is-layout-28f84493 wp-block-columns-is-layout-flex\">\n<div class=\"wp-block-column is-vertically-aligned-center is-layout-flow wp-block-column-is-layout-flow\" style=\"flex-basis:66.66%\">\n<p class=\"has-medium-font-size\">Das AI Zukunftslabor ist ein exklusives Strategieformat f\u00fcr Entscheider:innen, die KI nicht als Optimierungsinstrument, sondern als Hebel f\u00fcr die langfristige Neuausrichtung ihrer Gesch\u00e4fsmodelle verstehen.<\/p>\n<\/div>\n\n\n\n<div class=\"wp-block-column is-layout-flow wp-block-column-is-layout-flow\" style=\"flex-basis:33.33%\">\n<figure class=\"wp-block-image size-large\"><img data-dominant-color=\"273849\" data-has-transparency=\"false\" style=\"--dominant-color: #273849;\" decoding=\"async\" width=\"1024\" height=\"1024\" sizes=\"(max-width: 1024px) 100vw, 1024px\" src=\"https:\/\/www.risc-software.at\/app\/uploads\/2026\/03\/400_Ada_FineAdjustments-1024x1024.webp\" alt=\"\" class=\"wp-image-36450 not-transparent\" srcset=\"https:\/\/www.risc-software.at\/app\/uploads\/2026\/03\/400_Ada_FineAdjustments-1024x1024.webp 1024w, https:\/\/www.risc-software.at\/app\/uploads\/2026\/03\/400_Ada_FineAdjustments-300x300.webp 300w, https:\/\/www.risc-software.at\/app\/uploads\/2026\/03\/400_Ada_FineAdjustments-150x150.webp 150w, https:\/\/www.risc-software.at\/app\/uploads\/2026\/03\/400_Ada_FineAdjustments-768x768.webp 768w, https:\/\/www.risc-software.at\/app\/uploads\/2026\/03\/400_Ada_FineAdjustments-1536x1536.webp 1536w, https:\/\/www.risc-software.at\/app\/uploads\/2026\/03\/400_Ada_FineAdjustments.webp 1920w\" \/><\/figure>\n<\/div>\n<\/div>\n\n\n\n<p>Im Zentrum steht eine grundlegende F\u00fchrungsfrage: <strong>Welche Rolle soll Ihr Unternehmen in zehn, f\u00fcnfzehn oder zwanzig Jahren spielen <\/strong>\u2013 und welche strategischen Weichen m\u00fcssen heute gestellt werden, um diese Rolle wirtschaftlich tragf\u00e4hig zu machen?<\/p>\n\n\n\n<p>Gemeinsam mit f\u00fchrenden KI-Expert:innen, unter anderem Prof. Bruno Buchberger, verbindet das Zukunftslabor exzellente Forschung mit realer unternehmerischer Entscheidungspraxis. Ziel ist nicht schnelle Umsetzung, sondern strategische Klarheit in einem technologischen Umbruch, der bestehende Gesch\u00e4ftslogiken infrage stellt. <\/p>\n\n\n\n<p>Das Format schafft einen gesch\u00fctzten Raum f\u00fcr: <\/p>\n\n\n\n<ul class=\"wp-block-list\">\n<li>langfristige Zukunftsbilder jenseits operativer Optimierung<\/li>\n\n\n\n<li>Reflexion bestehender Gesch\u00e4ftsmodelle<\/li>\n\n\n\n<li>strategische Perspektiven auf neue Wertsch\u00f6pfung, Daten- und Technologiegrundlagen<\/li>\n<\/ul>\n\n\n<div class=\"wp-block-group-container alignfull \">\n<div class=\"wp-block-group is-layout-constrained wp-block-group-is-layout-constrained\">\n<h3 class=\"wp-block-heading\"><em>Warum jetzt?<\/em><\/h3>\n\n\n\n<p>Weil Effizienz allein keine Zukunft sichert. F\u00fchrung im KI-Zeitalter bedeutet, Verantwortung f\u00fcr die n\u00e4chste Transformationslogik zu \u00fcbernehmen \u2013 nicht nur f\u00fcr das n\u00e4chste Budgetjahr. Das AI Zukunftslabor richtet sich an Entscheider:innen im Unternehmen, die nicht reagieren wollen, sondern Richtung geben.<\/p>\n<\/div>\n<\/div>\n\n<div class=\"wp-block-group-container alignfull \">\n<div class=\"wp-block-group is-layout-constrained wp-block-group-is-layout-constrained\">\n<h4 class=\"wp-block-heading\">Ziel<\/h4>\n\n\n\n<p>Die Teilnehmer:innen verlassen das AI Zukunftslabor mit einem klar formulierten, gemeinsam reflektierten Zukunftsbild der Rolle ihres Unternehmens im KI-Zeitalter (2035\u20132040+). Daraus leiten sie wenige, aber entscheidungsrelevante strategische Leitgedanken ab, die zuk\u00fcnftige Investitionen, Priorit\u00e4ten und F\u00fchrungsentscheidungen rahmen. Das Ergebnis ist keine Ma\u00dfnahmenliste, sondern belastbare Orientierung f\u00fcr langfristige unternehmerische Verantwortung.<\/p>\n<\/div>\n<\/div>\n\n<div class=\"wp-block-group-container alignfull \">\n<div class=\"wp-block-group is-layout-constrained wp-block-group-is-layout-constrained\">\n<h4 class=\"wp-block-heading\">Ort<\/h4>\n\n\n\n<p>Hagenberg (Best Western Parkhotel Hagenberg in umittelbarer N\u00e4he) oder in Ihrem Unternehmen.<\/p>\n<\/div>\n<\/div>\n\n<div class=\"wp-block-group-container alignfull \">\n<div class=\"wp-block-group is-layout-constrained wp-block-group-is-layout-constrained\">\n<h4 class=\"wp-block-heading\">Preis<\/h4>\n\n\n\n<p>auf Anfrage<\/p>\n<\/div>\n<\/div>\n\n\n<div class=\"wp-block-columns is-layout-flex wp-container-core-columns-is-layout-28f84493 wp-block-columns-is-layout-flex\">\n<div class=\"wp-block-column is-layout-flow wp-block-column-is-layout-flow\"><div class=\"wp-block-group-container alignfull \">\n<div class=\"wp-block-group is-layout-constrained wp-block-group-is-layout-constrained\">\n<h4 class=\"wp-block-heading\">Prof. Dr. Dr. h.c. mult. Bruno Buchberger (Keynote)<\/h4>\n\n\n\n<p>Vordenker der mathematischen Logik und Vision\u00e4r der KI Unter dem Titel \u201eVibe Coding, Vibe Proving, Vibe Math: Eine vibrierende Zukunft f\u00fcr Wirtschaft und Gesellschaft\u201c gibt Prof. Buchberger einen exklusiven Einblick in die n\u00e4chste Stufe der digitalen Transformation.<\/p>\n\n\n\n<figure class=\"wp-block-image size-full\"><img decoding=\"async\" width=\"429\" height=\"196\" sizes=\"(max-width: 429px) 100vw, 429px\" src=\"https:\/\/www.risc-software.at\/app\/uploads\/2024\/03\/Unbenannt.jpg\" alt=\"\" class=\"wp-image-30738\" srcset=\"https:\/\/www.risc-software.at\/app\/uploads\/2024\/03\/Unbenannt.jpg 429w, https:\/\/www.risc-software.at\/app\/uploads\/2024\/03\/Unbenannt-300x137.jpg 300w\" \/><\/figure>\n<\/div>\n<\/div><\/div>\n\n\n\n<div class=\"wp-block-column is-layout-flow wp-block-column-is-layout-flow\"><div class=\"wp-block-group-container alignfull \">\n<div class=\"wp-block-group is-layout-constrained wp-block-group-is-layout-constrained\">\n<h4 class=\"wp-block-heading\">RISC Hagenberg (Expertise)<\/h4>\n\n\n\n<p>Die RISC Software GmbH entwickelt auf Basis algorithmischer Exzellenz KI-Business-Anwendungen und begleitet Unternehmen bei der digitalen Transformation. Dabei wird Wissen aus Forschung und Anwendung praxisnah eingebracht.<\/p>\n\n\n\n<figure class=\"wp-block-image size-large\"><img decoding=\"async\" src=\"https:\/\/www.risc-software.at\/app\/uploads\/2023\/10\/Logo_RISC_Software_GmbH_logo-1024x339.jpg\" alt=\"\" class=\"wp-image-28897\"\/><\/figure>\n<\/div>\n<\/div><\/div>\n\n\n\n<div class=\"wp-block-column is-layout-flow wp-block-column-is-layout-flow\"><div class=\"wp-block-group-container alignfull \">\n<div class=\"wp-block-group is-layout-constrained wp-block-group-is-layout-constrained\">\n<h4 class=\"wp-block-heading\">Die Fabrikanten (Zukunftslabor)<\/h4>\n\n\n\n<p>moderieren das AI Zukunfstlabor und begleiten Unternehmen mit kreativen Bildern und ungew\u00f6hnlichen Interventionen auf ihrem Weg in die Zukunft.<\/p>\n\n\n\n<figure class=\"wp-block-image size-large\"><img data-dominant-color=\"009fdc\" data-has-transparency=\"true\" style=\"--dominant-color: #009fdc;\" decoding=\"async\" width=\"1024\" height=\"293\" sizes=\"(max-width: 1024px) 100vw, 1024px\" src=\"https:\/\/www.risc-software.at\/app\/uploads\/2026\/03\/DF_Logo_1572x450-1024x293.webp\" alt=\"\" class=\"wp-image-36453 has-transparency\" srcset=\"https:\/\/www.risc-software.at\/app\/uploads\/2026\/03\/DF_Logo_1572x450-1024x293.webp 1024w, https:\/\/www.risc-software.at\/app\/uploads\/2026\/03\/DF_Logo_1572x450-300x86.webp 300w, https:\/\/www.risc-software.at\/app\/uploads\/2026\/03\/DF_Logo_1572x450-768x220.webp 768w, https:\/\/www.risc-software.at\/app\/uploads\/2026\/03\/DF_Logo_1572x450-1536x440.webp 1536w, https:\/\/www.risc-software.at\/app\/uploads\/2026\/03\/DF_Logo_1572x450.webp 1572w\" \/><\/figure>\n<\/div>\n<\/div><\/div>\n<\/div>\n\n\n\n<div class=\"wp-block-columns is-layout-flex wp-container-core-columns-is-layout-28f84493 wp-block-columns-is-layout-flex\">\n<div class=\"wp-block-column is-layout-flow wp-block-column-is-layout-flow\" style=\"flex-basis:66.66%\">\n<h2 class=\"wp-block-heading\">R\u00fcckfragen<\/h2>\n\n\n\n<div class=\"wp-block-contact-form-7-contact-form-selector\">\n<div class=\"wpcf7 no-js\" id=\"wpcf7-f663-o1\" lang=\"en-US\" dir=\"ltr\" data-wpcf7-id=\"663\">\n<div class=\"screen-reader-response\"><p role=\"status\" aria-live=\"polite\" aria-atomic=\"true\"><\/p> <ul><\/ul><\/div>\n<form action=\"\/en\/wp-json\/wp\/v2\/pages\/36449#wpcf7-f663-o1\" method=\"post\" class=\"wpcf7-form init\" aria-label=\"Contact form\" novalidate=\"novalidate\" data-status=\"init\">\n<fieldset class=\"hidden-fields-container\"><input type=\"hidden\" name=\"_wpcf7\" value=\"663\" \/><input type=\"hidden\" name=\"_wpcf7_version\" value=\"6.1.5\" \/><input type=\"hidden\" name=\"_wpcf7_locale\" value=\"en_US\" \/><input type=\"hidden\" name=\"_wpcf7_unit_tag\" value=\"wpcf7-f663-o1\" \/><input type=\"hidden\" name=\"_wpcf7_container_post\" value=\"0\" \/><input type=\"hidden\" name=\"_wpcf7_posted_data_hash\" value=\"\" \/>\n<\/fieldset>\n<div class=\"form-row\">\n\t<div class=\"form-input\">\n\t\t<p><label class=\"sr-only\" for=\"your-name\">Your name <\/label><br \/>\n<span class=\"wpcf7-form-control-wrap\" data-name=\"your-name\"><input size=\"40\" maxlength=\"400\" class=\"wpcf7-form-control wpcf7-text wpcf7-validates-as-required\" id=\"your-name\" aria-required=\"true\" aria-invalid=\"false\" placeholder=\"Name\" value=\"\" type=\"text\" name=\"your-name\" \/><\/span>\n\t\t<\/p>\n\t<\/div>\n\t<div class=\"form-input\">\n\t\t<p><label class=\"sr-only\" for=\"your-email\">Your email<\/label><br \/>\n<span class=\"wpcf7-form-control-wrap\" data-name=\"your-email\"><input size=\"40\" maxlength=\"400\" class=\"wpcf7-form-control wpcf7-email wpcf7-validates-as-required wpcf7-text wpcf7-validates-as-email\" id=\"your-email\" aria-required=\"true\" aria-invalid=\"false\" placeholder=\"E-Mail\" value=\"\" type=\"email\" name=\"your-email\" \/><\/span>\n\t\t<\/p>\n\t<\/div>\n<\/div>\n<div class=\"form-row\">\n\t<div class=\"form-input\">\n\t\t<p><label class=\"sr-only\" for=\"your-company\">Company <\/label><br \/>\n<span class=\"wpcf7-form-control-wrap\" data-name=\"your-company\"><input size=\"40\" maxlength=\"400\" class=\"wpcf7-form-control wpcf7-text\" id=\"your-company\" aria-invalid=\"false\" placeholder=\"Unternehmen\" value=\"\" type=\"text\" name=\"your-company\" \/><\/span>\n\t\t<\/p>\n\t<\/div>\n\t<div class=\"form-input\">\n\t\t<p><label class=\"sr-only\" for=\"your-position\">Position<\/label><br \/>\n<span class=\"wpcf7-form-control-wrap\" data-name=\"your-position\"><input size=\"40\" maxlength=\"400\" class=\"wpcf7-form-control wpcf7-text\" aria-invalid=\"false\" placeholder=\"Position\" value=\"\" type=\"text\" name=\"your-position\" \/><\/span>\n\t\t<\/p>\n\t<\/div>\n<\/div>\n<div class=\"form-row\">\n\t<div class=\"form-input\">\n\t\t<p><label class=\"sr-only\" for=\"your-subject\"> Subject <\/label><br \/>\n<span class=\"wpcf7-form-control-wrap\" data-name=\"your-subject\"><input size=\"40\" maxlength=\"400\" class=\"wpcf7-form-control wpcf7-text wpcf7-validates-as-required\" id=\"your-subject\" aria-required=\"true\" aria-invalid=\"false\" placeholder=\"Thema\" value=\"\" type=\"text\" name=\"your-subject\" \/><\/span>\n\t\t<\/p>\n\t<\/div>\n<\/div>\n<p><span id=\"wpcf7-69d32948ab819-wrapper\" class=\"wpcf7-form-control-wrap phone-95-wrap\" style=\"display:none !important; visibility:hidden !important;\"><label for=\"wpcf7-69d32948ab819-field\" class=\"hp-message\">Please leave this field empty.<\/label><input id=\"wpcf7-69d32948ab819-field\"  class=\"wpcf7-form-control wpcf7-text\" type=\"text\" name=\"phone-95\" value=\"\" size=\"40\" tabindex=\"-1\" autocomplete=\"new-password\" \/><\/span><br \/>\n<label class=\"sr-only\" for=\"your-message\"> Your message (optional)<\/label><br \/>\n<span class=\"wpcf7-form-control-wrap\" data-name=\"your-message\"><textarea cols=\"40\" rows=\"10\" maxlength=\"2000\" class=\"wpcf7-form-control wpcf7-textarea\" id=\"your-message\" aria-invalid=\"false\" placeholder=\"Ihre Nachricht an uns\" name=\"your-message\"><\/textarea><\/span><br \/>\n<span class=\"wpcf7-form-control-wrap\" data-name=\"hcap-cf7\">\t\t<input\n\t\t\t\ttype=\"hidden\"\n\t\t\t\tclass=\"hcaptcha-widget-id\"\n\t\t\t\tname=\"hcaptcha-widget-id\"\n\t\t\t\tvalue=\"eyJzb3VyY2UiOlsiY29udGFjdC1mb3JtLTdcL3dwLWNvbnRhY3QtZm9ybS03LnBocCJdLCJmb3JtX2lkIjo4fQ==-87b48f281889db60dae4720b9dc28d55\">\n\t\t\t\t<span id=\"hcap_cf7-69d32948abdaa8.90072112\" class=\"wpcf7-form-control h-captcha \"\n\t\t\tdata-sitekey=\"3a6a81c1-2b2e-4b2a-b1eb-d9446bc09afb\"\n\t\t\tdata-theme=\"light\"\n\t\t\tdata-size=\"normal\"\n\t\t\tdata-auto=\"false\"\n\t\t\tdata-ajax=\"false\"\n\t\t\tdata-force=\"false\">\n\t\t<\/span>\n\t\t<input type=\"hidden\" id=\"_wpnonce\" name=\"_wpnonce\" value=\"926cd3a516\" \/><input type=\"hidden\" name=\"_wp_http_referer\" value=\"\/en\/wp-json\/wp\/v2\/pages\/36449\" \/><\/span><input class=\"wpcf7-form-control wpcf7-submit has-spinner btn\" type=\"submit\" value=\"Senden\" \/>\n<\/p><div class=\"wpcf7-response-output\" aria-hidden=\"true\"><\/div>\n<\/form>\n<\/div>\n<\/div>\n<\/div>\n\n\n\n<div class=\"wp-block-column is-layout-flow wp-block-column-is-layout-flow\" style=\"flex-basis:33.33%\">\n<h2 class=\"wp-block-heading\">Kontakt<\/h2>\n\n\n<div class=\"contact-person\">\n      <picture>\n      \n      \n      \n      \n      <img decoding=\"async\" data-aos=\"fade-zoom-in\"\n           data-aos-offset=\"0\" class=\"w-full\" width=\"212\" height=\"293\"\n           src=\"https:\/\/www.risc-software.at\/app\/uploads\/2024\/01\/bfreuden1_2_background-removed.jpg\"\n           alt=\"\">\n    <\/picture>\n    \n\n<h5 class=\"wp-block-heading\">Dr. Bernhard Freudenthaler<\/h5>\n\n\n\n<p>Chief Sales Officer<\/p>\n\n      <div class=\"contact mt-3\">\n              <div>Phone: <a href=\"tel:+436641139254\">+43 664 1139 254<\/a><\/div>\n                    <div>E-Mail: <a href=\"mailto:bernhard.freudenthaler@risc-software.at\">bernhard.freudenthaler@risc-software.at<\/a><\/div>\n          <\/div>\n  <\/div>\n<\/div>\n<\/div>\n","protected":false},"excerpt":{"rendered":"<p>Leadership im KI-Zeitalter. Exklusiv f\u00fcr Ihr Unternehmen. Strategien, die \u00fcber 2040 hinaus wirken. Das AI Zukunftslabor ist ein exklusives Strategieformat f\u00fcr Entscheider:innen, die KI nicht als Optimierungsinstrument, sondern als Hebel f\u00fcr die langfristige Neuausrichtung ihrer Gesch\u00e4fsmodelle verstehen. Im Zentrum steht eine grundlegende F\u00fchrungsfrage: Welche Rolle soll Ihr Unternehmen in zehn, f\u00fcnfzehn oder zwanzig Jahren spielen&#8230;<\/p>\n","protected":false},"author":2,"featured_media":0,"parent":0,"menu_order":0,"comment_status":"closed","ping_status":"closed","template":"","meta":{"_acf_changed":false,"footnotes":""},"class_list":["post-36449","page","type-page","status-publish","hentry"],"acf":[],"_links":{"self":[{"href":"https:\/\/www.risc-software.at\/en\/wp-json\/wp\/v2\/pages\/36449","targetHints":{"allow":["GET"]}}],"collection":[{"href":"https:\/\/www.risc-software.at\/en\/wp-json\/wp\/v2\/pages"}],"about":[{"href":"https:\/\/www.risc-software.at\/en\/wp-json\/wp\/v2\/types\/page"}],"author":[{"embeddable":true,"href":"https:\/\/www.risc-software.at\/en\/wp-json\/wp\/v2\/users\/2"}],"replies":[{"embeddable":true,"href":"https:\/\/www.risc-software.at\/en\/wp-json\/wp\/v2\/comments?post=36449"}],"version-history":[{"count":3,"href":"https:\/\/www.risc-software.at\/en\/wp-json\/wp\/v2\/pages\/36449\/revisions"}],"predecessor-version":[{"id":36454,"href":"https:\/\/www.risc-software.at\/en\/wp-json\/wp\/v2\/pages\/36449\/revisions\/36454"}],"wp:attachment":[{"href":"https:\/\/www.risc-software.at\/en\/wp-json\/wp\/v2\/media?parent=36449"}],"curies":[{"name":"wp","href":"https:\/\/api.w.org\/{rel}","templated":true}]}}