{"id":33143,"date":"2025-03-13T16:25:16","date_gmt":"2025-03-13T15:25:16","guid":{"rendered":"https:\/\/www.risc-software.at\/?page_id=33143"},"modified":"2025-09-04T12:07:28","modified_gmt":"2025-09-04T10:07:28","slug":"projekte","status":"publish","type":"page","link":"https:\/\/www.risc-software.at\/en\/projekte\/","title":{"rendered":"Projects"},"content":{"rendered":"\n<h2 class=\"wp-block-heading\"><strong>70 % Kundenprojekte \u2013 Pionierarbeit zwischen Forschung und Praxis<\/strong><\/h2>\n\n\n\n<p><strong>70 % unserer Projekte entstehen in direkter Zusammenarbeit mit Unternehmen<\/strong>&nbsp;(ohne F\u00f6rderung) und f\u00fchren zu ma\u00dfgeschneiderten Softwarel\u00f6sungen \u2013 von der ersten Entwicklung bis zur Wartungsunterst\u00fctzung. Unsere Kund*innen profitieren von einer einzigartigen Verbindung aus angewandter Forschung und praxisorientierter Entwicklung.<\/p>\n\n\n\n<p>Die verbleibenden&nbsp;<strong>30 % unserer Projekte sind gef\u00f6rderte Forschungsinitiativen<\/strong>, die als Basis f\u00fcr neueste technologische Innovationen dienen. Diese Erkenntnisse flie\u00dfen direkt in unsere Kundenprojekte ein und erm\u00f6glichen fr\u00fchzeitigen Zugang zu zukunftsweisenden Technologien.<\/p>\n\n\n\n<p>Unsere Wurzeln liegen in der Wissenschaft: Die RISC Software GmbH entstand aus dem&nbsp;<strong>Research Institute for Symbolic Computation (RISC)<\/strong>&nbsp;der Johannes Kepler Universit\u00e4t Linz. Seit \u00fcber 30 Jahren kombinieren wir akademische Exzellenz mit industrieller Praxis.&nbsp;<strong>Langj\u00e4hrige Partnerschaften mit Unternehmen wie Airbus, voestalpine, Doka und der \u00d6sterreichischen Post \u2013 teilweise \u00fcber mehr als 20 Jahre \u2013 best\u00e4tigen unseren nachhaltigen Erfolg.<\/strong><\/p>\n\n\n\n<p>Unsere enge Zusammenarbeit mit Forschungseinrichtungen sichert den kontinuierlichen Transfer neuester Forschungsergebnisse in die industrielle Anwendung.<\/p>\n\n\n\n<p><strong>Lassen Sie uns gemeinsam Pionierarbeit leisten.<\/strong>&nbsp;Mit innovativen Software- und KI-Systemen, die Forschung und Praxis verbinden \u2013 und die technologische Zukunft aktiv gestalten.<\/p>\n\n\n\n<div class=\"wp-block-buttons is-layout-flex wp-block-buttons-is-layout-flex\">\n<div class=\"wp-block-button is-style-textlink\"><a class=\"wp-block-button__link wp-element-button\" href=\"https:\/\/www.risc-software.at\/referenzprojekte\/\">Alle Referenzprojekte<\/a><\/div>\n\n\n\n<div class=\"wp-block-button is-style-textlink\"><a class=\"wp-block-button__link wp-element-button\" href=\"https:\/\/www.risc-software.at\/en\/company\/references-2\/\">Referenzen und Kooperationen<\/a><\/div>\n\n\n\n<div class=\"wp-block-button is-style-textlink\"><a class=\"wp-block-button__link wp-element-button\" href=\"https:\/\/www.risc-software.at\/en\/institute-and-software-gmbh\/\">Unsere Wurzeln &#8211; RISC Institut<\/a><\/div>\n\n\n\n<div class=\"wp-block-button is-style-textlink\"><a class=\"wp-block-button__link wp-element-button\" href=\"https:\/\/www.risc-software.at\/en\/research\/\">Forschung<\/a><\/div>\n<\/div>\n\n\n\n<div style=\"height:100px\" aria-hidden=\"true\" class=\"wp-block-spacer is-style-section-space\"><\/div>\n\n\n\n<h2 class=\"wp-block-heading\">Kundenprojekte<\/h2>\n\n\n<div class=\"key-aspect-posts py-4 md:py-6 lg:py-8\">\n    <div class=\"blog-posts grid sm:grid-cols-2 lg:grid-cols-3 pb-2 gap-3\">\n                                    <a href=\"https:\/\/www.risc-software.at\/en\/referenceprojects\/voestalpine-boehler-welding-tradition-trifft-digitalisierung\/\" class=\"blog-post-teaser mb-1 lg:mb-3\">\n                                            <div class=\"blog-image\">\n                                                            <picture class=\"is-style-overlay\">\n                                                                                <img decoding=\"async\" src=\"https:\/\/www.risc-software.at\/app\/uploads\/2025\/04\/cstaub_Industrial_welding_factory_meets_digital_transformation__8ce4057c-da97-487c-a065-6439de65e8d7-360x214.avif\" alt=\"voestalpine B\u00f6hler Welding: Tradition meets digitalization\">\n                                        <\/picture>\n                        <\/div>\n                                        <div class=\"blog-content px-2 py-3 xl:px-4 lg:py-5\">\n                        <h3>voestalpine B\u00f6hler Welding: Tradition meets digitalization<\/h3>\n                        <p>In the project for voestalpine B\u00f6hler Welding, RISC Software GmbH realized a central digital platform for the structured use of knowledge in welding technology &#8211; and thus laid the foundation for efficiency, quality and digital process intelligence.<\/p>\n                    <\/div>\n                <\/a>\n                            <a href=\"https:\/\/www.risc-software.at\/en\/referenceprojects\/successful-bulk-mail-processing-for-swiss-post-ag\/\" class=\"blog-post-teaser mb-1 lg:mb-3\">\n                                            <div class=\"blog-image\">\n                                                                    <picture>\n                                                                                        <img decoding=\"async\" src=\"https:\/\/www.risc-software.at\/app\/uploads\/2025\/04\/eyJwYXRoIjoicG9zdFwvZmlsZVwvakI4cTVRR00xdmpoNlVuZmtnNG8udGlmIn0_post_J85gGtaEL4HaWYZS-RwdFKYarfmgEXI22aba1gurPDs-360x214.avif\" alt=\"Successful bulk mail processing for Swiss Post AG\">\n                                        <\/picture>\n                        <\/div>\n                                        <div class=\"blog-content px-2 py-3 xl:px-4 lg:py-5\">\n                        <h3>Successful bulk mail processing for Swiss Post AG<\/h3>\n                        <p>With the Swiss Post Mass Mailing Manager (MSM), RISC Software GmbH has optimized the preparation of mass mailings for Swiss Post AG and its customers. The system ensures error-free, high-performance and cost-efficient dispatch preparation. <\/p>\n                    <\/div>\n                <\/a>\n                            <a href=\"https:\/\/www.risc-software.at\/en\/referenceprojects\/scaleable-weather-database\/\" class=\"blog-post-teaser mb-1 lg:mb-3\">\n                                            <div class=\"blog-image\">\n                                                                    <picture>\n                                                                                        <img decoding=\"async\" src=\"https:\/\/www.risc-software.at\/app\/uploads\/2023\/10\/iStock_foto-deckblatt-360x214.jpg\" alt=\"Scalable weather database for wetter.at and wetter-deutschland.com\">\n                                        <\/picture>\n                        <\/div>\n                                        <div class=\"blog-content px-2 py-3 xl:px-4 lg:py-5\">\n                        <h3>Scalable weather database for wetter.at and wetter-deutschland.com<\/h3>\n                        <p>Reliable and accurate weather forecasts are essential for planning personal leisure activities as well as for numerous companies and organizations. Mobile World Information Systems GmbH (MOWIS) provides weather data services, including operating the wetter.at and wetter-deutschland.com websites.<\/p>\n                    <\/div>\n                <\/a>\n                            <a href=\"https:\/\/www.risc-software.at\/en\/referenceprojects\/nc-machining-simulation\/\" class=\"blog-post-teaser mb-1 lg:mb-3\">\n                                            <div class=\"blog-image\">\n                                                                    <picture>\n                                                                                        <img decoding=\"async\" src=\"https:\/\/www.risc-software.at\/app\/uploads\/2023\/09\/wfl-industrial-software-applications-risc-software-gmbh-320x214.png\" alt=\"NC machining simulation\">\n                                        <\/picture>\n                        <\/div>\n                                        <div class=\"blog-content px-2 py-3 xl:px-4 lg:py-5\">\n                        <h3>NC machining simulation<\/h3>\n                        <p>he combination of an extensive, detailed and optimally adapted offline simulation in the CAD\/CAM area and a high-performance, memory-optimized and integrated real-time simulation for collision avoidance supports customers of WFL Millturn Technologies GmbH &amp; Co. KG in the use of their complete machining centers.<\/p>\n                    <\/div>\n                <\/a>\n                            <a href=\"https:\/\/www.risc-software.at\/en\/referenceprojects\/multidisciplinary-structural-optimization\/\" class=\"blog-post-teaser mb-1 lg:mb-3\">\n                                            <div class=\"blog-image\">\n                                                                    <picture>\n                                                                                        <img decoding=\"async\" src=\"https:\/\/www.risc-software.at\/app\/uploads\/2023\/09\/airbus-risc-software-gmbh-360x214.png\" alt=\"Multidisciplinary structural optimization\">\n                                        <\/picture>\n                        <\/div>\n                                        <div class=\"blog-content px-2 py-3 xl:px-4 lg:py-5\">\n                        <h3>Multidisciplinary structural optimization<\/h3>\n                        <p>Since 2009, RISC Software GmbH has been the main development partner for the new development of central system parts of Lagrange. Of particular importance is the implementation of state-of-the-art, efficient computational methods and the best possible use of modern hardware platforms, especially with regard to parallel and distributed computer architectures.<\/p>\n                    <\/div>\n                <\/a>\n                            <a href=\"https:\/\/www.risc-software.at\/en\/referenceprojects\/static-verification-of-aircraft-structural-components\/\" class=\"blog-post-teaser mb-1 lg:mb-3\">\n                                            <div class=\"blog-image\">\n                                                                    <picture>\n                                                                                        <img decoding=\"async\" src=\"https:\/\/www.risc-software.at\/app\/uploads\/2023\/09\/strength-2000-industrial-software-applications-risc-software-gmbh-360x214.jpg\" alt=\"Static verification of aircraft structural components\">\n                                        <\/picture>\n                        <\/div>\n                                        <div class=\"blog-content px-2 py-3 xl:px-4 lg:py-5\">\n                        <h3>Static verification of aircraft structural components<\/h3>\n                        <p>More than twenty years ago, Airbus Defence and Space initiated the development of the Strength 2000 application. This is an integrated tool for the static verification of aircraft structural components. <\/p>\n                    <\/div>\n                <\/a>\n                        <\/div>\n\n<\/div>\n\n\n<div class=\"wp-block-columns is-layout-flex wp-container-core-columns-is-layout-28f84493 wp-block-columns-is-layout-flex\">\n<div class=\"wp-block-column is-layout-flow wp-block-column-is-layout-flow\" style=\"flex-basis:66.66%\">\n<h2 class=\"wp-block-heading\">Kontakt<\/h2>\n\n\n\n<div class=\"wp-block-contact-form-7-contact-form-selector\">\n<div class=\"wpcf7 no-js\" id=\"wpcf7-f663-o1\" lang=\"en-US\" dir=\"ltr\" data-wpcf7-id=\"663\">\n<div class=\"screen-reader-response\"><p role=\"status\" aria-live=\"polite\" aria-atomic=\"true\"><\/p> <ul><\/ul><\/div>\n<form action=\"\/en\/wp-json\/wp\/v2\/pages\/33143#wpcf7-f663-o1\" method=\"post\" class=\"wpcf7-form init\" aria-label=\"Contact form\" novalidate=\"novalidate\" data-status=\"init\">\n<fieldset class=\"hidden-fields-container\"><input type=\"hidden\" name=\"_wpcf7\" value=\"663\" \/><input type=\"hidden\" name=\"_wpcf7_version\" value=\"6.1.5\" \/><input type=\"hidden\" name=\"_wpcf7_locale\" value=\"en_US\" \/><input type=\"hidden\" name=\"_wpcf7_unit_tag\" value=\"wpcf7-f663-o1\" \/><input type=\"hidden\" name=\"_wpcf7_container_post\" value=\"0\" \/><input type=\"hidden\" name=\"_wpcf7_posted_data_hash\" value=\"\" \/>\n<\/fieldset>\n<div class=\"form-row\">\n\t<div class=\"form-input\">\n\t\t<p><label class=\"sr-only\" for=\"your-name\">Your name <\/label><br \/>\n<span class=\"wpcf7-form-control-wrap\" data-name=\"your-name\"><input size=\"40\" maxlength=\"400\" class=\"wpcf7-form-control wpcf7-text wpcf7-validates-as-required\" id=\"your-name\" aria-required=\"true\" aria-invalid=\"false\" placeholder=\"Name\" value=\"\" type=\"text\" name=\"your-name\" \/><\/span>\n\t\t<\/p>\n\t<\/div>\n\t<div class=\"form-input\">\n\t\t<p><label class=\"sr-only\" for=\"your-email\">Your email<\/label><br \/>\n<span class=\"wpcf7-form-control-wrap\" data-name=\"your-email\"><input size=\"40\" maxlength=\"400\" class=\"wpcf7-form-control wpcf7-email wpcf7-validates-as-required wpcf7-text wpcf7-validates-as-email\" id=\"your-email\" aria-required=\"true\" aria-invalid=\"false\" placeholder=\"E-Mail\" value=\"\" type=\"email\" name=\"your-email\" \/><\/span>\n\t\t<\/p>\n\t<\/div>\n<\/div>\n<div class=\"form-row\">\n\t<div class=\"form-input\">\n\t\t<p><label class=\"sr-only\" for=\"your-company\">Company <\/label><br \/>\n<span class=\"wpcf7-form-control-wrap\" data-name=\"your-company\"><input size=\"40\" maxlength=\"400\" class=\"wpcf7-form-control wpcf7-text\" id=\"your-company\" aria-invalid=\"false\" placeholder=\"Unternehmen\" value=\"\" type=\"text\" name=\"your-company\" \/><\/span>\n\t\t<\/p>\n\t<\/div>\n\t<div class=\"form-input\">\n\t\t<p><label class=\"sr-only\" for=\"your-position\">Position<\/label><br \/>\n<span class=\"wpcf7-form-control-wrap\" data-name=\"your-position\"><input size=\"40\" maxlength=\"400\" class=\"wpcf7-form-control wpcf7-text\" aria-invalid=\"false\" placeholder=\"Position\" value=\"\" type=\"text\" name=\"your-position\" \/><\/span>\n\t\t<\/p>\n\t<\/div>\n<\/div>\n<div class=\"form-row\">\n\t<div class=\"form-input\">\n\t\t<p><label class=\"sr-only\" for=\"your-subject\"> Subject <\/label><br \/>\n<span class=\"wpcf7-form-control-wrap\" data-name=\"your-subject\"><input size=\"40\" maxlength=\"400\" class=\"wpcf7-form-control wpcf7-text wpcf7-validates-as-required\" id=\"your-subject\" aria-required=\"true\" aria-invalid=\"false\" placeholder=\"Thema\" value=\"\" type=\"text\" name=\"your-subject\" \/><\/span>\n\t\t<\/p>\n\t<\/div>\n<\/div>\n<p><span id=\"wpcf7-69d544b0c86f9-wrapper\" class=\"wpcf7-form-control-wrap phone-95-wrap\" style=\"display:none !important; visibility:hidden !important;\"><label for=\"wpcf7-69d544b0c86f9-field\" class=\"hp-message\">Please leave this field empty.<\/label><input id=\"wpcf7-69d544b0c86f9-field\"  class=\"wpcf7-form-control wpcf7-text\" type=\"text\" name=\"phone-95\" value=\"\" size=\"40\" tabindex=\"-1\" autocomplete=\"new-password\" \/><\/span><br \/>\n<label class=\"sr-only\" for=\"your-message\"> Your message (optional)<\/label><br \/>\n<span class=\"wpcf7-form-control-wrap\" data-name=\"your-message\"><textarea cols=\"40\" rows=\"10\" maxlength=\"2000\" class=\"wpcf7-form-control wpcf7-textarea\" id=\"your-message\" aria-invalid=\"false\" placeholder=\"Ihre Nachricht an uns\" name=\"your-message\"><\/textarea><\/span><br \/>\n<span class=\"wpcf7-form-control-wrap\" data-name=\"hcap-cf7\">\t\t<input\n\t\t\t\ttype=\"hidden\"\n\t\t\t\tclass=\"hcaptcha-widget-id\"\n\t\t\t\tname=\"hcaptcha-widget-id\"\n\t\t\t\tvalue=\"eyJzb3VyY2UiOlsiY29udGFjdC1mb3JtLTdcL3dwLWNvbnRhY3QtZm9ybS03LnBocCJdLCJmb3JtX2lkIjo4fQ==-87b48f281889db60dae4720b9dc28d55\">\n\t\t\t\t<span id=\"hcap_cf7-69d544b0c8b782.37105557\" class=\"wpcf7-form-control h-captcha \"\n\t\t\tdata-sitekey=\"3a6a81c1-2b2e-4b2a-b1eb-d9446bc09afb\"\n\t\t\tdata-theme=\"light\"\n\t\t\tdata-size=\"normal\"\n\t\t\tdata-auto=\"false\"\n\t\t\tdata-ajax=\"false\"\n\t\t\tdata-force=\"false\">\n\t\t<\/span>\n\t\t<input type=\"hidden\" id=\"_wpnonce\" name=\"_wpnonce\" value=\"2762796293\" \/><input type=\"hidden\" name=\"_wp_http_referer\" value=\"\/en\/wp-json\/wp\/v2\/pages\/33143\" \/><\/span><input class=\"wpcf7-form-control wpcf7-submit has-spinner btn\" type=\"submit\" value=\"Senden\" \/>\n<\/p><div class=\"wpcf7-response-output\" aria-hidden=\"true\"><\/div>\n<\/form>\n<\/div>\n<\/div>\n<\/div>\n\n\n\n<div class=\"wp-block-column is-layout-flow wp-block-column-is-layout-flow\" style=\"flex-basis:33.33%\">\n<h2 class=\"wp-block-heading\">Ansprechperson<\/h2>\n\n\n<div class=\"contact-person\">\n      <picture>\n      \n      \n      \n      \n      <img decoding=\"async\" data-aos=\"fade-zoom-in\"\n           data-aos-offset=\"0\" class=\"w-full\" width=\"212\" height=\"293\"\n           src=\"https:\/\/www.risc-software.at\/app\/uploads\/2024\/01\/bfreuden1_2_background-removed.jpg\"\n           alt=\"\">\n    <\/picture>\n    \n\n<h5 class=\"wp-block-heading\">Dr. Bernhard Freudenthaler<\/h5>\n\n\n\n<p>Chief Sales Officer<\/p>\n\n      <div class=\"contact mt-3\">\n              <div>Phone: <a href=\"tel:+436641139254\">+43 664 1139 254<\/a><\/div>\n                    <div>E-Mail: <a href=\"mailto:bernhard.freudenthaler@risc-software.at\">bernhard.freudenthaler@risc-software.at<\/a><\/div>\n          <\/div>\n  <\/div>\n<\/div>\n<\/div>\n","protected":false},"excerpt":{"rendered":"<p>70 % Kundenprojekte \u2013 Pionierarbeit zwischen Forschung und Praxis 70 % unserer Projekte entstehen in direkter Zusammenarbeit mit Unternehmen&nbsp;(ohne F\u00f6rderung) und f\u00fchren zu ma\u00dfgeschneiderten Softwarel\u00f6sungen \u2013 von der ersten Entwicklung bis zur Wartungsunterst\u00fctzung. Unsere Kund*innen profitieren von einer einzigartigen Verbindung aus angewandter Forschung und praxisorientierter Entwicklung. Die verbleibenden&nbsp;30 % unserer Projekte sind gef\u00f6rderte Forschungsinitiativen, die&#8230;<\/p>\n","protected":false},"author":2,"featured_media":0,"parent":0,"menu_order":0,"comment_status":"closed","ping_status":"closed","template":"","meta":{"_acf_changed":false,"footnotes":""},"class_list":["post-33143","page","type-page","status-publish","hentry"],"acf":[],"_links":{"self":[{"href":"https:\/\/www.risc-software.at\/en\/wp-json\/wp\/v2\/pages\/33143","targetHints":{"allow":["GET"]}}],"collection":[{"href":"https:\/\/www.risc-software.at\/en\/wp-json\/wp\/v2\/pages"}],"about":[{"href":"https:\/\/www.risc-software.at\/en\/wp-json\/wp\/v2\/types\/page"}],"author":[{"embeddable":true,"href":"https:\/\/www.risc-software.at\/en\/wp-json\/wp\/v2\/users\/2"}],"replies":[{"embeddable":true,"href":"https:\/\/www.risc-software.at\/en\/wp-json\/wp\/v2\/comments?post=33143"}],"version-history":[{"count":12,"href":"https:\/\/www.risc-software.at\/en\/wp-json\/wp\/v2\/pages\/33143\/revisions"}],"predecessor-version":[{"id":34440,"href":"https:\/\/www.risc-software.at\/en\/wp-json\/wp\/v2\/pages\/33143\/revisions\/34440"}],"wp:attachment":[{"href":"https:\/\/www.risc-software.at\/en\/wp-json\/wp\/v2\/media?parent=33143"}],"curies":[{"name":"wp","href":"https:\/\/api.w.org\/{rel}","templated":true}]}}