{"id":31294,"date":"2024-05-23T17:11:43","date_gmt":"2024-05-23T15:11:43","guid":{"rendered":"https:\/\/www.risc-software.at\/workshops\/"},"modified":"2024-05-23T17:18:24","modified_gmt":"2024-05-23T15:18:24","slug":"workshops","status":"publish","type":"page","link":"https:\/\/www.risc-software.at\/en\/workshops\/","title":{"rendered":"Workshops"},"content":{"rendered":"\n<p>Here you find workshop formats that are currently offered by RISC Software GmbH.<\/p>\n\n\n<div class=\"posts-slider-block\" data-aos=\"fade-up\" data-aos-offset=\"0\" data-aos-anchor-placement=\"top-bottom\">\n        <section class=\"splide posts-slider\" aria-label=\"Gallery Slides\">\n            <div class=\"splide__arrows\">\n                <button class=\"splide__arrow splide__arrow--prev\">\n                    <span class=\"sr-only\">Previous<\/span>\n                    <img decoding=\"async\" loading=\"lazy\" width=\"25\" height=\"21\" src=\"https:\/\/www.risc-software.at\/app\/themes\/risc-theme\/public\/images\/icon-arrow.35d2ec.svg\"\n                         alt=\"Previous\">\n                <\/button>\n                <button class=\"splide__arrow splide__arrow--next\">\n                    <span class=\"sr-only\">Next<\/span>\n                    <img decoding=\"async\" loading=\"lazy\" width=\"25\" height=\"21\" src=\"https:\/\/www.risc-software.at\/app\/themes\/risc-theme\/public\/images\/icon-arrow.35d2ec.svg\"\n                         alt=\"Next\">\n                <\/button>\n            <\/div>\n            <div class=\"inner\">\n                <div class=\"splide__track\">\n                    <div class=\"splide__list\">\n\n                                                    <a href=\"https:\/\/www.risc-software.at\/en\/referenceprojects\/agile-academy\/\" class=\"splide__slide blog-post-teaser mb-1 lg:mb-3\">\n                                <div class=\"blog-image\">\n                                                                                                                                <picture>\n                                                                                        <img decoding=\"async\" src=\"https:\/\/www.risc-software.at\/app\/uploads\/2023\/06\/Landscape2-360x214.png\"\n                                                 alt=\"RISC Agile Academy\">\n                                        <\/picture>\n                                                                    <\/div>\n                                <div class=\"blog-content px-2 py-3 xl:px-4 xl:py-5\">\n                                    <h3>RISC Agile Academy<\/h3>\n                                    <div class=\"blog-post-excerpt mt-2\">\n                                        We support you in thinking in a larger context and in redefining what is feasible for you.\n                                    <\/div>\n                                    <span class=\"inline-block mt-2 more\">mehr erfahren <span class=\"ml-1 icon-more\"><\/span><\/span>\n\n                                <\/div>\n                            <\/a>\n                                                    <a href=\"https:\/\/www.risc-software.at\/?p=29992\" class=\"splide__slide blog-post-teaser mb-1 lg:mb-3\">\n                                <div class=\"blog-image\">\n                                                                                                                                <picture>\n                                                                                        <img decoding=\"async\" src=\"https:\/\/www.risc-software.at\/app\/uploads\/2024\/10\/DALL\u00b7E-2024-10-14-13.15.57-A-photorealistic-image-of-a-group-of-people-collaborating-in-a-high-tech-workspace-surrounded-by-holographic-AI-interfaces-and-neural-network-diagram-360x214.webp\"\n                                                 alt=\"RISC AI ACADEMY: AI Innovators Bootcamp | 5-t\u00e4gig\">\n                                        <\/picture>\n                                                                    <\/div>\n                                <div class=\"blog-content px-2 py-3 xl:px-4 xl:py-5\">\n                                    <h3>RISC AI ACADEMY: AI Innovators Bootcamp | 5-t\u00e4gig<\/h3>\n                                    <div class=\"blog-post-excerpt mt-2\">\n                                        Das &quot;AI Innovators Bootcamp&quot; bietet die M\u00f6glichkeit, sich intensiv mit aktuellen und zuk\u00fcnftigen KI-Technologien vertraut zu machen und das notwendige Wissen f\u00fcr einen sicheren Einsatz zu erlangen.\n                                    <\/div>\n                                    <span class=\"inline-block mt-2 more\">mehr erfahren <span class=\"ml-1 icon-more\"><\/span><\/span>\n\n                                <\/div>\n                            <\/a>\n                                            <\/div>\n                <\/div>\n            <\/div>\n        <\/section>\n    <\/div>\n\n\n\n<div style=\"height:100px\" aria-hidden=\"true\" class=\"wp-block-spacer\"><\/div>\n\n\n\n<div class=\"wp-block-columns is-layout-flex wp-container-core-columns-is-layout-28f84493 wp-block-columns-is-layout-flex\">\n<div class=\"wp-block-column is-layout-flow wp-block-column-is-layout-flow\" style=\"flex-basis:66.66%\">\n<h2 class=\"wp-block-heading\">Do you have Questions? Please contact us!<\/h2>\n\n\n\n<div class=\"wp-block-contact-form-7-contact-form-selector\">\n<div class=\"wpcf7 no-js\" id=\"wpcf7-f663-o1\" lang=\"en-US\" dir=\"ltr\" data-wpcf7-id=\"663\">\n<div class=\"screen-reader-response\"><p role=\"status\" aria-live=\"polite\" aria-atomic=\"true\"><\/p> <ul><\/ul><\/div>\n<form action=\"\/en\/wp-json\/wp\/v2\/pages\/31294#wpcf7-f663-o1\" method=\"post\" class=\"wpcf7-form init\" aria-label=\"Contact form\" novalidate=\"novalidate\" data-status=\"init\">\n<fieldset class=\"hidden-fields-container\"><input type=\"hidden\" name=\"_wpcf7\" value=\"663\" \/><input type=\"hidden\" name=\"_wpcf7_version\" value=\"6.1.5\" \/><input type=\"hidden\" name=\"_wpcf7_locale\" value=\"en_US\" \/><input type=\"hidden\" name=\"_wpcf7_unit_tag\" value=\"wpcf7-f663-o1\" \/><input type=\"hidden\" name=\"_wpcf7_container_post\" value=\"0\" \/><input type=\"hidden\" name=\"_wpcf7_posted_data_hash\" value=\"\" \/>\n<\/fieldset>\n<div class=\"form-row\">\n\t<div class=\"form-input\">\n\t\t<p><label class=\"sr-only\" for=\"your-name\">Your name <\/label><br \/>\n<span class=\"wpcf7-form-control-wrap\" data-name=\"your-name\"><input size=\"40\" maxlength=\"400\" class=\"wpcf7-form-control wpcf7-text wpcf7-validates-as-required\" id=\"your-name\" aria-required=\"true\" aria-invalid=\"false\" placeholder=\"Name\" value=\"\" type=\"text\" name=\"your-name\" \/><\/span>\n\t\t<\/p>\n\t<\/div>\n\t<div class=\"form-input\">\n\t\t<p><label class=\"sr-only\" for=\"your-email\">Your email<\/label><br \/>\n<span class=\"wpcf7-form-control-wrap\" data-name=\"your-email\"><input size=\"40\" maxlength=\"400\" class=\"wpcf7-form-control wpcf7-email wpcf7-validates-as-required wpcf7-text wpcf7-validates-as-email\" id=\"your-email\" aria-required=\"true\" aria-invalid=\"false\" placeholder=\"E-Mail\" value=\"\" type=\"email\" name=\"your-email\" \/><\/span>\n\t\t<\/p>\n\t<\/div>\n<\/div>\n<div class=\"form-row\">\n\t<div class=\"form-input\">\n\t\t<p><label class=\"sr-only\" for=\"your-company\">Company <\/label><br \/>\n<span class=\"wpcf7-form-control-wrap\" data-name=\"your-company\"><input size=\"40\" maxlength=\"400\" class=\"wpcf7-form-control wpcf7-text\" id=\"your-company\" aria-invalid=\"false\" placeholder=\"Unternehmen\" value=\"\" type=\"text\" name=\"your-company\" \/><\/span>\n\t\t<\/p>\n\t<\/div>\n\t<div class=\"form-input\">\n\t\t<p><label class=\"sr-only\" for=\"your-position\">Position<\/label><br \/>\n<span class=\"wpcf7-form-control-wrap\" data-name=\"your-position\"><input size=\"40\" maxlength=\"400\" class=\"wpcf7-form-control wpcf7-text\" aria-invalid=\"false\" placeholder=\"Position\" value=\"\" type=\"text\" name=\"your-position\" \/><\/span>\n\t\t<\/p>\n\t<\/div>\n<\/div>\n<div class=\"form-row\">\n\t<div class=\"form-input\">\n\t\t<p><label class=\"sr-only\" for=\"your-subject\"> Subject <\/label><br \/>\n<span class=\"wpcf7-form-control-wrap\" data-name=\"your-subject\"><input size=\"40\" maxlength=\"400\" class=\"wpcf7-form-control wpcf7-text wpcf7-validates-as-required\" id=\"your-subject\" aria-required=\"true\" aria-invalid=\"false\" placeholder=\"Thema\" value=\"\" type=\"text\" name=\"your-subject\" \/><\/span>\n\t\t<\/p>\n\t<\/div>\n<\/div>\n<p><span id=\"wpcf7-69e1a19d1d530-wrapper\" class=\"wpcf7-form-control-wrap phone-95-wrap\" style=\"display:none !important; visibility:hidden !important;\"><label for=\"wpcf7-69e1a19d1d530-field\" class=\"hp-message\">Please leave this field empty.<\/label><input id=\"wpcf7-69e1a19d1d530-field\"  class=\"wpcf7-form-control wpcf7-text\" type=\"text\" name=\"phone-95\" value=\"\" size=\"40\" tabindex=\"-1\" autocomplete=\"new-password\" \/><\/span><br \/>\n<label class=\"sr-only\" for=\"your-message\"> Your message (optional)<\/label><br \/>\n<span class=\"wpcf7-form-control-wrap\" data-name=\"your-message\"><textarea cols=\"40\" rows=\"10\" maxlength=\"2000\" class=\"wpcf7-form-control wpcf7-textarea\" id=\"your-message\" aria-invalid=\"false\" placeholder=\"Ihre Nachricht an uns\" name=\"your-message\"><\/textarea><\/span><br \/>\n<span class=\"wpcf7-form-control-wrap\" data-name=\"hcap-cf7\">\t\t<input\n\t\t\t\ttype=\"hidden\"\n\t\t\t\tclass=\"hcaptcha-widget-id\"\n\t\t\t\tname=\"hcaptcha-widget-id\"\n\t\t\t\tvalue=\"eyJzb3VyY2UiOlsiY29udGFjdC1mb3JtLTdcL3dwLWNvbnRhY3QtZm9ybS03LnBocCJdLCJmb3JtX2lkIjo2NjN9-5cf29316f0fc31f5a29d11a228757560\">\n\t\t\t\t<span id=\"hcap_cf7-69e1a19d1dcdd1.81511005\" class=\"wpcf7-form-control h-captcha \"\n\t\t\tdata-sitekey=\"3a6a81c1-2b2e-4b2a-b1eb-d9446bc09afb\"\n\t\t\tdata-theme=\"light\"\n\t\t\tdata-size=\"normal\"\n\t\t\tdata-auto=\"false\"\n\t\t\tdata-ajax=\"false\"\n\t\t\tdata-force=\"false\">\n\t\t<\/span>\n\t\t<input type=\"hidden\" id=\"_wpnonce\" name=\"_wpnonce\" value=\"05d15a6cc5\" \/><input type=\"hidden\" name=\"_wp_http_referer\" value=\"\/en\/wp-json\/wp\/v2\/pages\/31294\" \/><\/span><input class=\"wpcf7-form-control wpcf7-submit has-spinner btn\" type=\"submit\" value=\"Senden\" \/>\n<\/p><div class=\"wpcf7-response-output\" aria-hidden=\"true\"><\/div>\n<\/form>\n<\/div>\n<\/div>\n<\/div>\n\n\n\n<div class=\"wp-block-column is-layout-flow wp-block-column-is-layout-flow\" style=\"flex-basis:33.33%\">\n<h2 class=\"wp-block-heading\">Contact Person<\/h2>\n\n\n<div class=\"contact-person\">\n      <picture>\n      \n      \n      \n      \n      <img decoding=\"async\" data-aos=\"fade-zoom-in\"\n           data-aos-offset=\"0\" class=\"w-full\" width=\"212\" height=\"293\"\n           src=\"https:\/\/www.risc-software.at\/app\/uploads\/2024\/04\/cstaub1.jpg\"\n           alt=\"\">\n    <\/picture>\n    \n\n<h5 class=\"wp-block-heading\">Cornelia Staub<\/h5>\n\n\n\n<p>Marketing and Communications Manager<\/p>\n\n  <\/div>\n<\/div>\n<\/div>\n","protected":false},"excerpt":{"rendered":"<p>Here you find workshop formats that are currently offered by RISC Software GmbH. Do you have Questions? Please contact us! Contact Person<\/p>\n","protected":false},"author":2,"featured_media":0,"parent":0,"menu_order":0,"comment_status":"closed","ping_status":"closed","template":"","meta":{"_acf_changed":false,"footnotes":""},"class_list":["post-31294","page","type-page","status-publish","hentry"],"acf":[],"_links":{"self":[{"href":"https:\/\/www.risc-software.at\/en\/wp-json\/wp\/v2\/pages\/31294","targetHints":{"allow":["GET"]}}],"collection":[{"href":"https:\/\/www.risc-software.at\/en\/wp-json\/wp\/v2\/pages"}],"about":[{"href":"https:\/\/www.risc-software.at\/en\/wp-json\/wp\/v2\/types\/page"}],"author":[{"embeddable":true,"href":"https:\/\/www.risc-software.at\/en\/wp-json\/wp\/v2\/users\/2"}],"replies":[{"embeddable":true,"href":"https:\/\/www.risc-software.at\/en\/wp-json\/wp\/v2\/comments?post=31294"}],"version-history":[{"count":2,"href":"https:\/\/www.risc-software.at\/en\/wp-json\/wp\/v2\/pages\/31294\/revisions"}],"predecessor-version":[{"id":31300,"href":"https:\/\/www.risc-software.at\/en\/wp-json\/wp\/v2\/pages\/31294\/revisions\/31300"}],"wp:attachment":[{"href":"https:\/\/www.risc-software.at\/en\/wp-json\/wp\/v2\/media?parent=31294"}],"curies":[{"name":"wp","href":"https:\/\/api.w.org\/{rel}","templated":true}]}}